{"id":13,"date":"2021-09-24T17:59:45","date_gmt":"2021-09-24T17:59:45","guid":{"rendered":"https:\/\/leindl.at\/?page_id=13"},"modified":"2021-09-24T20:32:27","modified_gmt":"2021-09-24T20:32:27","slug":"ueber-uns","status":"publish","type":"page","link":"https:\/\/leindl.at\/index.php\/ueber-uns\/","title":{"rendered":"\u00dcber mich &#8230;"},"content":{"rendered":"\n<p>&#8230; vielleicht schreib ich mal mehr \u00fcber mich.<\/p>\n","protected":false},"excerpt":{"rendered":"<p>&#8230; vielleicht schreib ich mal mehr \u00fcber mich.<\/p>\n","protected":false},"author":1,"featured_media":0,"parent":0,"menu_order":0,"comment_status":"closed","ping_status":"closed","template":"","meta":{"inspiro_hide_title":false,"footnotes":""},"class_list":["post-13","page","type-page","status-publish","hentry"],"yoast_head":"<!-- This site is optimized with the Yoast SEO plugin v27.5 - https:\/\/yoast.com\/product\/yoast-seo-wordpress\/ -->\n<title>\u00dcber mich ... - Matthias Leindl der Gesch\u00e4ftige<\/title>\n<meta name=\"robots\" content=\"index, follow, max-snippet:-1, max-image-preview:large, max-video-preview:-1\" \/>\n<link rel=\"canonical\" href=\"https:\/\/leindl.at\/index.php\/ueber-uns\/\" \/>\n<meta property=\"og:locale\" content=\"de_DE\" \/>\n<meta property=\"og:type\" content=\"article\" \/>\n<meta property=\"og:title\" content=\"\u00dcber mich ... - Matthias Leindl der Gesch\u00e4ftige\" \/>\n<meta property=\"og:description\" content=\"&#8230; vielleicht schreib ich mal mehr \u00fcber mich.\" \/>\n<meta property=\"og:url\" content=\"https:\/\/leindl.at\/index.php\/ueber-uns\/\" \/>\n<meta property=\"og:site_name\" content=\"Matthias Leindl der Gesch\u00e4ftige\" \/>\n<meta property=\"article:modified_time\" content=\"2021-09-24T20:32:27+00:00\" \/>\n<meta name=\"twitter:card\" content=\"summary_large_image\" \/>\n<meta name=\"twitter:label1\" content=\"Gesch\u00e4tzte Lesezeit\" \/>\n\t<meta name=\"twitter:data1\" content=\"1\u00a0Minute\" \/>\n<script type=\"application\/ld+json\" class=\"yoast-schema-graph\">{\"@context\":\"https:\\\/\\\/schema.org\",\"@graph\":[{\"@type\":\"WebPage\",\"@id\":\"https:\\\/\\\/leindl.at\\\/index.php\\\/ueber-uns\\\/\",\"url\":\"https:\\\/\\\/leindl.at\\\/index.php\\\/ueber-uns\\\/\",\"name\":\"\u00dcber mich ... - Matthias Leindl der Gesch\u00e4ftige\",\"isPartOf\":{\"@id\":\"https:\\\/\\\/leindl.at\\\/#website\"},\"datePublished\":\"2021-09-24T17:59:45+00:00\",\"dateModified\":\"2021-09-24T20:32:27+00:00\",\"breadcrumb\":{\"@id\":\"https:\\\/\\\/leindl.at\\\/index.php\\\/ueber-uns\\\/#breadcrumb\"},\"inLanguage\":\"de\",\"potentialAction\":[{\"@type\":\"ReadAction\",\"target\":[\"https:\\\/\\\/leindl.at\\\/index.php\\\/ueber-uns\\\/\"]}]},{\"@type\":\"BreadcrumbList\",\"@id\":\"https:\\\/\\\/leindl.at\\\/index.php\\\/ueber-uns\\\/#breadcrumb\",\"itemListElement\":[{\"@type\":\"ListItem\",\"position\":1,\"name\":\"Startseite\",\"item\":\"https:\\\/\\\/leindl.at\\\/\"},{\"@type\":\"ListItem\",\"position\":2,\"name\":\"\u00dcber mich &#8230;\"}]},{\"@type\":\"WebSite\",\"@id\":\"https:\\\/\\\/leindl.at\\\/#website\",\"url\":\"https:\\\/\\\/leindl.at\\\/\",\"name\":\"Matthias Leindl der Gesch\u00e4ftige\",\"description\":\"Von der Idee bis zur Umsetzung\",\"potentialAction\":[{\"@type\":\"SearchAction\",\"target\":{\"@type\":\"EntryPoint\",\"urlTemplate\":\"https:\\\/\\\/leindl.at\\\/?s={search_term_string}\"},\"query-input\":{\"@type\":\"PropertyValueSpecification\",\"valueRequired\":true,\"valueName\":\"search_term_string\"}}],\"inLanguage\":\"de\"}]}<\/script>\n<!-- \/ Yoast SEO plugin. -->","yoast_head_json":{"title":"\u00dcber mich ... - Matthias Leindl der Gesch\u00e4ftige","robots":{"index":"index","follow":"follow","max-snippet":"max-snippet:-1","max-image-preview":"max-image-preview:large","max-video-preview":"max-video-preview:-1"},"canonical":"https:\/\/leindl.at\/index.php\/ueber-uns\/","og_locale":"de_DE","og_type":"article","og_title":"\u00dcber mich ... - Matthias Leindl der Gesch\u00e4ftige","og_description":"&#8230; vielleicht schreib ich mal mehr \u00fcber mich.","og_url":"https:\/\/leindl.at\/index.php\/ueber-uns\/","og_site_name":"Matthias Leindl der Gesch\u00e4ftige","article_modified_time":"2021-09-24T20:32:27+00:00","twitter_card":"summary_large_image","twitter_misc":{"Gesch\u00e4tzte Lesezeit":"1\u00a0Minute"},"schema":{"@context":"https:\/\/schema.org","@graph":[{"@type":"WebPage","@id":"https:\/\/leindl.at\/index.php\/ueber-uns\/","url":"https:\/\/leindl.at\/index.php\/ueber-uns\/","name":"\u00dcber mich ... - Matthias Leindl der Gesch\u00e4ftige","isPartOf":{"@id":"https:\/\/leindl.at\/#website"},"datePublished":"2021-09-24T17:59:45+00:00","dateModified":"2021-09-24T20:32:27+00:00","breadcrumb":{"@id":"https:\/\/leindl.at\/index.php\/ueber-uns\/#breadcrumb"},"inLanguage":"de","potentialAction":[{"@type":"ReadAction","target":["https:\/\/leindl.at\/index.php\/ueber-uns\/"]}]},{"@type":"BreadcrumbList","@id":"https:\/\/leindl.at\/index.php\/ueber-uns\/#breadcrumb","itemListElement":[{"@type":"ListItem","position":1,"name":"Startseite","item":"https:\/\/leindl.at\/"},{"@type":"ListItem","position":2,"name":"\u00dcber mich &#8230;"}]},{"@type":"WebSite","@id":"https:\/\/leindl.at\/#website","url":"https:\/\/leindl.at\/","name":"Matthias Leindl der Gesch\u00e4ftige","description":"Von der Idee bis zur Umsetzung","potentialAction":[{"@type":"SearchAction","target":{"@type":"EntryPoint","urlTemplate":"https:\/\/leindl.at\/?s={search_term_string}"},"query-input":{"@type":"PropertyValueSpecification","valueRequired":true,"valueName":"search_term_string"}}],"inLanguage":"de"}]}},"_links":{"self":[{"href":"https:\/\/leindl.at\/index.php\/wp-json\/wp\/v2\/pages\/13","targetHints":{"allow":["GET"]}}],"collection":[{"href":"https:\/\/leindl.at\/index.php\/wp-json\/wp\/v2\/pages"}],"about":[{"href":"https:\/\/leindl.at\/index.php\/wp-json\/wp\/v2\/types\/page"}],"author":[{"embeddable":true,"href":"https:\/\/leindl.at\/index.php\/wp-json\/wp\/v2\/users\/1"}],"replies":[{"embeddable":true,"href":"https:\/\/leindl.at\/index.php\/wp-json\/wp\/v2\/comments?post=13"}],"version-history":[{"count":2,"href":"https:\/\/leindl.at\/index.php\/wp-json\/wp\/v2\/pages\/13\/revisions"}],"predecessor-version":[{"id":106,"href":"https:\/\/leindl.at\/index.php\/wp-json\/wp\/v2\/pages\/13\/revisions\/106"}],"wp:attachment":[{"href":"https:\/\/leindl.at\/index.php\/wp-json\/wp\/v2\/media?parent=13"}],"curies":[{"name":"wp","href":"https:\/\/api.w.org\/{rel}","templated":true}]}}